{"id":4727,"date":"2024-08-13T11:43:58","date_gmt":"2024-08-13T09:43:58","guid":{"rendered":"https:\/\/teamkindl.com\/?page_id=4727"},"modified":"2025-07-15T12:10:09","modified_gmt":"2025-07-15T10:10:09","slug":"testpage","status":"publish","type":"page","link":"https:\/\/teamkindl.com\/en\/testpage\/","title":{"rendered":"Testpage"},"content":{"rendered":"\n<h2 class=\"wp-block-heading\">\u00f6las djf\u00f6l ajsdl\u00f6fj a\u00f6sdlfj <\/h2>\n\n\n\n<p>\u00f6lasdk jflkasdj f<\/p>\n\n\n\n<blockquote class=\"wp-block-quote is-layout-flow wp-block-quote-is-layout-flow\">\n<p>asd\u00f6f ojasd\u00f6lf jl\u00f6 adsj f<\/p>\n\n\n\n<p><\/p>\n<\/blockquote>\n","protected":false},"excerpt":{"rendered":"<p>\u00f6las djf\u00f6l ajsdl\u00f6fj a\u00f6sdlfj \u00f6lasdk jflkasdj f asd\u00f6f ojasd\u00f6lf jl\u00f6 adsj f<\/p>\n","protected":false},"author":2,"featured_media":0,"parent":0,"menu_order":0,"comment_status":"closed","ping_status":"closed","template":"","meta":{"_acf_changed":false,"footnotes":"","_links_to":"","_links_to_target":""},"class_list":["post-4727","page","type-page","status-publish","hentry"],"acf":[],"_links":{"self":[{"href":"https:\/\/teamkindl.com\/en\/wp-json\/wp\/v2\/pages\/4727","targetHints":{"allow":["GET"]}}],"collection":[{"href":"https:\/\/teamkindl.com\/en\/wp-json\/wp\/v2\/pages"}],"about":[{"href":"https:\/\/teamkindl.com\/en\/wp-json\/wp\/v2\/types\/page"}],"author":[{"embeddable":true,"href":"https:\/\/teamkindl.com\/en\/wp-json\/wp\/v2\/users\/2"}],"replies":[{"embeddable":true,"href":"https:\/\/teamkindl.com\/en\/wp-json\/wp\/v2\/comments?post=4727"}],"version-history":[{"count":23,"href":"https:\/\/teamkindl.com\/en\/wp-json\/wp\/v2\/pages\/4727\/revisions"}],"predecessor-version":[{"id":5065,"href":"https:\/\/teamkindl.com\/en\/wp-json\/wp\/v2\/pages\/4727\/revisions\/5065"}],"wp:attachment":[{"href":"https:\/\/teamkindl.com\/en\/wp-json\/wp\/v2\/media?parent=4727"}],"curies":[{"name":"wp","href":"https:\/\/api.w.org\/{rel}","templated":true}]}}